{"id":2501,"date":"2023-12-20T18:42:46","date_gmt":"2023-12-20T18:42:46","guid":{"rendered":"https:\/\/cdj-events.ro\/?page_id=2501"},"modified":"2026-03-18T10:37:52","modified_gmt":"2026-03-18T10:37:52","slug":"sonorizare-lumini","status":"publish","type":"page","link":"https:\/\/cdj-events.ro\/en\/sonorizare-lumini\/","title":{"rendered":"Soundsystems and Lights for events in Cluj and Transylvania"},"content":{"rendered":"<div class=\"wp-block-image\">\n<figure class=\"aligncenter size-full\"><a href=\"https:\/\/cdj-events.ro\/wp-content\/uploads\/2025\/10\/IMG_7339-scaled.jpg\"><img fetchpriority=\"high\" decoding=\"async\" width=\"1600\" height=\"1200\" src=\"https:\/\/cdj-events.ro\/wp-content\/uploads\/2025\/10\/IMG_7339-scaled.jpg\" alt=\"Sonorizare \u0219i lumini pentru evenimente Cluj - CDj Events\" class=\"wp-image-2965\" srcset=\"https:\/\/cdj-events.ro\/wp-content\/uploads\/2025\/10\/IMG_7339-scaled.jpg 1600w, https:\/\/cdj-events.ro\/wp-content\/uploads\/2025\/10\/IMG_7339-300x225.jpg 300w, https:\/\/cdj-events.ro\/wp-content\/uploads\/2025\/10\/IMG_7339-1024x768.jpg 1024w, https:\/\/cdj-events.ro\/wp-content\/uploads\/2025\/10\/IMG_7339-768x576.jpg 768w, https:\/\/cdj-events.ro\/wp-content\/uploads\/2025\/10\/IMG_7339-1536x1152.jpg 1536w, https:\/\/cdj-events.ro\/wp-content\/uploads\/2025\/10\/IMG_7339-2048x1536.jpg 2048w, https:\/\/cdj-events.ro\/wp-content\/uploads\/2025\/10\/IMG_7339-16x12.jpg 16w, https:\/\/cdj-events.ro\/wp-content\/uploads\/2025\/10\/IMG_7339-1000x750.jpg 1000w, https:\/\/cdj-events.ro\/wp-content\/uploads\/2025\/10\/IMG_7339-230x173.jpg 230w, https:\/\/cdj-events.ro\/wp-content\/uploads\/2025\/10\/IMG_7339-350x263.jpg 350w, https:\/\/cdj-events.ro\/wp-content\/uploads\/2025\/10\/IMG_7339-480x360.jpg 480w\" sizes=\"(max-width: 1600px) 100vw, 1600px\" \/><\/a><\/figure>\n<\/div>\n\n\n<p>Our team will analyze the specific of your event to provide sound and lighting equipment perfectly customized to create the desired atmosphere.<\/p>\n\n\n\n<p>Regarding the equipment installation our DJs have the necessary skills, but it depends on the type of event whether we will collaborate with technical assistants for sound and lighting.<\/p>\n\n\n\n<h2 style=\"border-bottom: 3px solid #960402; margin-top: 0px;\">Sound system for a party, up to 250 participants:<\/h2>\n\n\n\n<ul class=\"wp-block-list\">\n<li>Next System (2 tops + 2 subs) 3200 W&nbsp;<\/li>\n\n\n\n<li>RCF System (2 tops + 2 subs) 2800 W<\/li>\n\n\n\n<li>RCF System (2 tops + 2 subs) 4800 W<\/li>\n<\/ul>\n\n\n\n<h2 style=\"border-bottom: 3px solid #960402; margin-top: 0px;\">Sound system for a live event, up to 350 participants:<\/h2>\n\n\n\n<ul class=\"wp-block-list\">\n<li>Next HDA System (2 tops + 2 subs) 7700 W<\/li>\n<\/ul>\n\n\n\n<h2 style=\"border-bottom: 3px solid #960402; margin-top: 0px;\">Lighting for the dancefloor:<\/h2>\n\n\n\n<ul class=\"wp-block-list\">\n<li>2 LED Par lights + 2 Disco lights + 4 flashlights on stands&nbsp;<\/li>\n\n\n\n<li>2 sets of 4 LED Par lights on stands&nbsp;&nbsp;<\/li>\n\n\n\n<li>2 sets of 4 Moving Head lights on stands<\/li>\n<\/ul>\n\n\n\n<p>Elaborate productions can be achieved using projections, visual displays on LED screens, special effects, scaffolding, and architectural lighting, all with the assistance of our collaborators.<\/p>\n\n\n\n<p>Prices depend on the date, location, event hours, and the number of attendees. It also includes expenses for the fuel required for travel from Cluj to the event location and back to Cluj. Additionally, accommodation or driver costs may apply if the event takes place outside Cluj-Napoca, depending on the chosen DJ.<\/p>","protected":false},"excerpt":{"rendered":"<p>Echipa noastr\u0103 va analiza specificul evenimentului t\u0103u, astfel \u00eenc\u00e2t s\u0103 furniz\u0103m echipamente de sonorizare \u0219i lumini perfect ajustate pentru a crea atmosfera<\/p>","protected":false},"author":3,"featured_media":0,"parent":0,"menu_order":0,"comment_status":"closed","ping_status":"closed","template":"","meta":{"_monsterinsights_skip_tracking":false,"_monsterinsights_sitenote_active":false,"_monsterinsights_sitenote_note":"","_monsterinsights_sitenote_category":0,"footnotes":"","_links_to":"","_links_to_target":""},"class_list":["post-2501","page","type-page","status-publish","hentry"],"yoast_head":"<!-- This site is optimized with the Yoast SEO plugin v27.1.1 - https:\/\/yoast.com\/product\/yoast-seo-wordpress\/ -->\n<title>Sonorizare \u0219i lumini pentru evenimente \u00een Cluj-Napoca \u0219i \u00een toat\u0103 Transilvania - CDj Events<\/title>\n<meta name=\"description\" content=\"Sonorizare \u0219i lumini pentru orice tip de eveniment \u00een Cluj-Napoca \u0219i Transilvania. Echipamente ajustate dup\u0103 specificul evenimentului t\u0103u.\" \/>\n<meta name=\"robots\" content=\"index, follow, max-snippet:-1, max-image-preview:large, max-video-preview:-1\" \/>\n<link rel=\"canonical\" href=\"https:\/\/cdj-events.ro\/en\/sonorizare-lumini\/\" \/>\n<meta property=\"og:locale\" content=\"en_US\" \/>\n<meta property=\"og:type\" content=\"article\" \/>\n<meta property=\"og:title\" content=\"Sonorizare \u0219i lumini pentru evenimente \u00een Cluj-Napoca \u0219i \u00een toat\u0103 Transilvania - CDj Events\" \/>\n<meta property=\"og:description\" content=\"Sonorizare \u0219i lumini pentru orice tip de eveniment \u00een Cluj-Napoca \u0219i Transilvania. Echipamente ajustate dup\u0103 specificul evenimentului t\u0103u.\" \/>\n<meta property=\"og:url\" content=\"https:\/\/cdj-events.ro\/en\/sonorizare-lumini\/\" \/>\n<meta property=\"og:site_name\" content=\"CDj Events\" \/>\n<meta property=\"article:publisher\" content=\"https:\/\/www.facebook.com\/cdjeventscluj\" \/>\n<meta property=\"article:modified_time\" content=\"2026-03-18T10:37:52+00:00\" \/>\n<meta property=\"og:image\" content=\"https:\/\/cdj-events.ro\/wp-content\/uploads\/2025\/10\/IMG_7339-scaled.jpg\" \/>\n\t<meta property=\"og:image:width\" content=\"1600\" \/>\n\t<meta property=\"og:image:height\" content=\"1200\" \/>\n\t<meta property=\"og:image:type\" content=\"image\/jpeg\" \/>\n<meta name=\"twitter:card\" content=\"summary_large_image\" \/>\n<meta name=\"twitter:label1\" content=\"Est. reading time\" \/>\n\t<meta name=\"twitter:data1\" content=\"2 minutes\" \/>\n<script type=\"application\/ld+json\" class=\"yoast-schema-graph\">{\"@context\":\"https:\/\/schema.org\",\"@graph\":[{\"@type\":\"WebPage\",\"@id\":\"https:\/\/cdj-events.ro\/sonorizare-lumini\/\",\"url\":\"https:\/\/cdj-events.ro\/sonorizare-lumini\/\",\"name\":\"Sonorizare \u0219i lumini pentru evenimente \u00een Cluj-Napoca \u0219i \u00een toat\u0103 Transilvania - CDj Events\",\"isPartOf\":{\"@id\":\"https:\/\/cdj-events.ro\/#website\"},\"primaryImageOfPage\":{\"@id\":\"https:\/\/cdj-events.ro\/sonorizare-lumini\/#primaryimage\"},\"image\":{\"@id\":\"https:\/\/cdj-events.ro\/sonorizare-lumini\/#primaryimage\"},\"thumbnailUrl\":\"https:\/\/cdj-events.ro\/wp-content\/uploads\/2025\/10\/IMG_7339-scaled.jpg\",\"datePublished\":\"2023-12-20T18:42:46+00:00\",\"dateModified\":\"2026-03-18T10:37:52+00:00\",\"description\":\"Sonorizare \u0219i lumini pentru orice tip de eveniment \u00een Cluj-Napoca \u0219i Transilvania. Echipamente ajustate dup\u0103 specificul evenimentului t\u0103u.\",\"breadcrumb\":{\"@id\":\"https:\/\/cdj-events.ro\/sonorizare-lumini\/#breadcrumb\"},\"inLanguage\":\"en-US\",\"potentialAction\":[{\"@type\":\"ReadAction\",\"target\":[\"https:\/\/cdj-events.ro\/sonorizare-lumini\/\"]}]},{\"@type\":\"ImageObject\",\"inLanguage\":\"en-US\",\"@id\":\"https:\/\/cdj-events.ro\/sonorizare-lumini\/#primaryimage\",\"url\":\"https:\/\/cdj-events.ro\/wp-content\/uploads\/2025\/10\/IMG_7339-scaled.jpg\",\"contentUrl\":\"https:\/\/cdj-events.ro\/wp-content\/uploads\/2025\/10\/IMG_7339-scaled.jpg\"},{\"@type\":\"BreadcrumbList\",\"@id\":\"https:\/\/cdj-events.ro\/sonorizare-lumini\/#breadcrumb\",\"itemListElement\":[{\"@type\":\"ListItem\",\"position\":1,\"name\":\"Home\",\"item\":\"https:\/\/cdj-events.ro\/\"},{\"@type\":\"ListItem\",\"position\":2,\"name\":\"Sonorizare \u0219i lumini pentru evenimente \u00een Cluj-Napoca \u0219i \u00een toat\u0103 Transilvania\"}]},{\"@type\":\"WebSite\",\"@id\":\"https:\/\/cdj-events.ro\/#website\",\"url\":\"https:\/\/cdj-events.ro\/\",\"name\":\"CDj Events\",\"description\":\"DJ, MC \u0219i atmosfer\u0103 pentru evenimentele tale \u00een Cluj-Napoca\",\"publisher\":{\"@id\":\"https:\/\/cdj-events.ro\/#organization\"},\"potentialAction\":[{\"@type\":\"SearchAction\",\"target\":{\"@type\":\"EntryPoint\",\"urlTemplate\":\"https:\/\/cdj-events.ro\/?s={search_term_string}\"},\"query-input\":{\"@type\":\"PropertyValueSpecification\",\"valueRequired\":true,\"valueName\":\"search_term_string\"}}],\"inLanguage\":\"en-US\"},{\"@type\":\"Organization\",\"@id\":\"https:\/\/cdj-events.ro\/#organization\",\"name\":\"CDj Events\",\"alternateName\":\"CDJ Events\",\"url\":\"https:\/\/cdj-events.ro\/\",\"logo\":{\"@type\":\"ImageObject\",\"inLanguage\":\"en-US\",\"@id\":\"https:\/\/cdj-events.ro\/#\/schema\/logo\/image\/\",\"url\":\"https:\/\/cdj-events.ro\/wp-content\/uploads\/2023\/10\/CDj-Events-logo-white.png\",\"contentUrl\":\"https:\/\/cdj-events.ro\/wp-content\/uploads\/2023\/10\/CDj-Events-logo-white.png\",\"width\":1920,\"height\":1158,\"caption\":\"CDj Events\"},\"image\":{\"@id\":\"https:\/\/cdj-events.ro\/#\/schema\/logo\/image\/\"},\"sameAs\":[\"https:\/\/www.facebook.com\/cdjeventscluj\"]}]}<\/script>\n<!-- \/ Yoast SEO plugin. -->","yoast_head_json":{"title":"Sonorizare \u0219i lumini pentru evenimente \u00een Cluj-Napoca \u0219i \u00een toat\u0103 Transilvania - CDj Events","description":"Sonorizare \u0219i lumini pentru orice tip de eveniment \u00een Cluj-Napoca \u0219i Transilvania. Echipamente ajustate dup\u0103 specificul evenimentului t\u0103u.","robots":{"index":"index","follow":"follow","max-snippet":"max-snippet:-1","max-image-preview":"max-image-preview:large","max-video-preview":"max-video-preview:-1"},"canonical":"https:\/\/cdj-events.ro\/en\/sonorizare-lumini\/","og_locale":"en_US","og_type":"article","og_title":"Sonorizare \u0219i lumini pentru evenimente \u00een Cluj-Napoca \u0219i \u00een toat\u0103 Transilvania - CDj Events","og_description":"Sonorizare \u0219i lumini pentru orice tip de eveniment \u00een Cluj-Napoca \u0219i Transilvania. Echipamente ajustate dup\u0103 specificul evenimentului t\u0103u.","og_url":"https:\/\/cdj-events.ro\/en\/sonorizare-lumini\/","og_site_name":"CDj Events","article_publisher":"https:\/\/www.facebook.com\/cdjeventscluj","article_modified_time":"2026-03-18T10:37:52+00:00","og_image":[{"width":1600,"height":1200,"url":"https:\/\/cdj-events.ro\/wp-content\/uploads\/2025\/10\/IMG_7339-scaled.jpg","type":"image\/jpeg"}],"twitter_card":"summary_large_image","twitter_misc":{"Est. reading time":"2 minutes"},"schema":{"@context":"https:\/\/schema.org","@graph":[{"@type":"WebPage","@id":"https:\/\/cdj-events.ro\/sonorizare-lumini\/","url":"https:\/\/cdj-events.ro\/sonorizare-lumini\/","name":"Sonorizare \u0219i lumini pentru evenimente \u00een Cluj-Napoca \u0219i \u00een toat\u0103 Transilvania - CDj Events","isPartOf":{"@id":"https:\/\/cdj-events.ro\/#website"},"primaryImageOfPage":{"@id":"https:\/\/cdj-events.ro\/sonorizare-lumini\/#primaryimage"},"image":{"@id":"https:\/\/cdj-events.ro\/sonorizare-lumini\/#primaryimage"},"thumbnailUrl":"https:\/\/cdj-events.ro\/wp-content\/uploads\/2025\/10\/IMG_7339-scaled.jpg","datePublished":"2023-12-20T18:42:46+00:00","dateModified":"2026-03-18T10:37:52+00:00","description":"Sonorizare \u0219i lumini pentru orice tip de eveniment \u00een Cluj-Napoca \u0219i Transilvania. Echipamente ajustate dup\u0103 specificul evenimentului t\u0103u.","breadcrumb":{"@id":"https:\/\/cdj-events.ro\/sonorizare-lumini\/#breadcrumb"},"inLanguage":"en-US","potentialAction":[{"@type":"ReadAction","target":["https:\/\/cdj-events.ro\/sonorizare-lumini\/"]}]},{"@type":"ImageObject","inLanguage":"en-US","@id":"https:\/\/cdj-events.ro\/sonorizare-lumini\/#primaryimage","url":"https:\/\/cdj-events.ro\/wp-content\/uploads\/2025\/10\/IMG_7339-scaled.jpg","contentUrl":"https:\/\/cdj-events.ro\/wp-content\/uploads\/2025\/10\/IMG_7339-scaled.jpg"},{"@type":"BreadcrumbList","@id":"https:\/\/cdj-events.ro\/sonorizare-lumini\/#breadcrumb","itemListElement":[{"@type":"ListItem","position":1,"name":"Home","item":"https:\/\/cdj-events.ro\/"},{"@type":"ListItem","position":2,"name":"Sonorizare \u0219i lumini pentru evenimente \u00een Cluj-Napoca \u0219i \u00een toat\u0103 Transilvania"}]},{"@type":"WebSite","@id":"https:\/\/cdj-events.ro\/#website","url":"https:\/\/cdj-events.ro\/","name":"CDj Events","description":"DJ, MC \u0219i atmosfer\u0103 pentru evenimentele tale \u00een Cluj-Napoca","publisher":{"@id":"https:\/\/cdj-events.ro\/#organization"},"potentialAction":[{"@type":"SearchAction","target":{"@type":"EntryPoint","urlTemplate":"https:\/\/cdj-events.ro\/?s={search_term_string}"},"query-input":{"@type":"PropertyValueSpecification","valueRequired":true,"valueName":"search_term_string"}}],"inLanguage":"en-US"},{"@type":"Organization","@id":"https:\/\/cdj-events.ro\/#organization","name":"CDj Events","alternateName":"CDJ Events","url":"https:\/\/cdj-events.ro\/","logo":{"@type":"ImageObject","inLanguage":"en-US","@id":"https:\/\/cdj-events.ro\/#\/schema\/logo\/image\/","url":"https:\/\/cdj-events.ro\/wp-content\/uploads\/2023\/10\/CDj-Events-logo-white.png","contentUrl":"https:\/\/cdj-events.ro\/wp-content\/uploads\/2023\/10\/CDj-Events-logo-white.png","width":1920,"height":1158,"caption":"CDj Events"},"image":{"@id":"https:\/\/cdj-events.ro\/#\/schema\/logo\/image\/"},"sameAs":["https:\/\/www.facebook.com\/cdjeventscluj"]}]}},"_links":{"self":[{"href":"https:\/\/cdj-events.ro\/en\/wp-json\/wp\/v2\/pages\/2501","targetHints":{"allow":["GET"]}}],"collection":[{"href":"https:\/\/cdj-events.ro\/en\/wp-json\/wp\/v2\/pages"}],"about":[{"href":"https:\/\/cdj-events.ro\/en\/wp-json\/wp\/v2\/types\/page"}],"author":[{"embeddable":true,"href":"https:\/\/cdj-events.ro\/en\/wp-json\/wp\/v2\/users\/3"}],"replies":[{"embeddable":true,"href":"https:\/\/cdj-events.ro\/en\/wp-json\/wp\/v2\/comments?post=2501"}],"version-history":[{"count":8,"href":"https:\/\/cdj-events.ro\/en\/wp-json\/wp\/v2\/pages\/2501\/revisions"}],"predecessor-version":[{"id":3091,"href":"https:\/\/cdj-events.ro\/en\/wp-json\/wp\/v2\/pages\/2501\/revisions\/3091"}],"wp:attachment":[{"href":"https:\/\/cdj-events.ro\/en\/wp-json\/wp\/v2\/media?parent=2501"}],"curies":[{"name":"wp","href":"https:\/\/api.w.org\/{rel}","templated":true}]}}