{"id":1509,"date":"2022-07-06T07:32:11","date_gmt":"2022-07-06T07:32:11","guid":{"rendered":"https:\/\/cdj-events.ro\/?page_id=1509"},"modified":"2022-07-06T07:50:33","modified_gmt":"2022-07-06T07:50:33","slug":"zoltan-istvan-szabopal-z-a-s-a-r","status":"publish","type":"page","link":"https:\/\/cdj-events.ro\/en\/zoltan-istvan-szabopal-z-a-s-a-r\/","title":{"rendered":"Zoltan-Istvan Szabopal (ZASAR)"},"content":{"rendered":"<p>Sunt n\u0103scut \u00eentr-o zi faina din vara lui &#8217;86, in inima Transilvaniei, \u00een Cluj-Napoca.<br>Muzica m-a fascinat de mic, oferindu-mi mereu bucuria de a vedea locuri frumoase si de a cunoaste oameni faini,<br>de a trai alaturi de ei, momente unice, pline de emotii. <\/p>\n\n\n\n<figure class=\"wp-block-image size-full is-resized\"><a href=\"https:\/\/cdj-events.ro\/wp-content\/uploads\/2022\/07\/dj-Zoly-Zasar.jpeg\"><img fetchpriority=\"high\" decoding=\"async\" src=\"https:\/\/cdj-events.ro\/wp-content\/uploads\/2022\/07\/dj-Zoly-Zasar.jpeg\" alt=\"\" class=\"wp-image-1513\" width=\"437\" height=\"342\" srcset=\"https:\/\/cdj-events.ro\/wp-content\/uploads\/2022\/07\/dj-Zoly-Zasar.jpeg 877w, https:\/\/cdj-events.ro\/wp-content\/uploads\/2022\/07\/dj-Zoly-Zasar-300x235.jpeg 300w, https:\/\/cdj-events.ro\/wp-content\/uploads\/2022\/07\/dj-Zoly-Zasar-768x601.jpeg 768w, https:\/\/cdj-events.ro\/wp-content\/uploads\/2022\/07\/dj-Zoly-Zasar-830x649.jpeg 830w, https:\/\/cdj-events.ro\/wp-content\/uploads\/2022\/07\/dj-Zoly-Zasar-230x180.jpeg 230w, https:\/\/cdj-events.ro\/wp-content\/uploads\/2022\/07\/dj-Zoly-Zasar-350x274.jpeg 350w, https:\/\/cdj-events.ro\/wp-content\/uploads\/2022\/07\/dj-Zoly-Zasar-480x375.jpeg 480w\" sizes=\"(max-width: 437px) 100vw, 437px\" \/><\/a><\/figure>\n\n\n\n<p>Experienta din prezent am acumulat-o de-a lungul a 20 ani de prestatii, la radio si in cadrul event-urilor din Romania<br>(jud.Cluj, Bacau, Mures, Bistrita-Nasaud, Timisoara etc)<br>si din UK(Londra, Reading, Newbury, Basingstoke, Ascot, Henley-on-Thames), alaturi de formatii si artisti precum<br>Inna, Holograf, Carla&#8217;s Dreams, Antonia, Iris, Mihai M\u0103rgineanu, Semnal M,<br>Dj Lord, DJ RoB, Filippo Catanzaro, Alberto Roquez etc<\/p>\n\n\n\n<p>Cu aprox. 10 ani un urma m-am alaturat echipei CDj Events Cluj, fiind sustinut si indrumat<br>de DJ\/Producer-ul Cristian Daniel. Spiritul de echipa si profesionalismul celor de la CDj,<br>au contribuit pozitiv la dezvoltarea mea, pe parcursul anilor urmatori.<\/p>\n\n\n\n<p>Fie ca vorbim despre Corporate sau Private, cred ca fiecare eveniment este unic si special,<br>iar ca DJ-ul este responsabil de Vibe-ul pe care il transmite pe parcursul prestatiei, prin intermediul sunetelor.<br>De aceea consider ca playlist-ul, experienta si responsabilitatea acestuia, isi vor aduce aportul<br>la pastrarea acelui vibe pozitiv pe parcursul event-ului. Dupa parerea mea, Comunicarea si<br>Flexibilitatea sunt elemente importante in organizarea si desfasurarea evenimentelor si de aceea vin in intampinarea<br>clientilor cu servicii de consultanta si cu o gama larga de muzica, de la cea clasica pana la cea moderna<br>incat sa pot incadra toate categoriille de invitati, de la cel mai mic la cel mai mare!<\/p>\n\n\n\n<p>Genurile abordate:<br>Rock, Retro, Latino, Folcor, R&amp;B, Tech house, Deep house, Progressive house,<br>Techno, Trance, Edm, influente internationale<\/p>\n\n\n\n<p>Petrecere reusita!<\/p>\n\n\n\n<pre class=\"wp-block-code\"><code>                        Booking: +4 0741137287<\/code><\/pre>","protected":false},"excerpt":{"rendered":"<p>Sunt n\u0103scut \u00eentr-o zi faina din vara lui &#8217;86, in inima Transilvaniei, \u00een Cluj-Napoca.Muzica m-a fascinat de mic, oferindu-mi mereu bucuria de<\/p>","protected":false},"author":1,"featured_media":0,"parent":0,"menu_order":8,"comment_status":"closed","ping_status":"closed","template":"","meta":{"_monsterinsights_skip_tracking":false,"_monsterinsights_sitenote_active":false,"_monsterinsights_sitenote_note":"","_monsterinsights_sitenote_category":0,"footnotes":"","_links_to":"","_links_to_target":""},"class_list":["post-1509","page","type-page","status-publish","hentry"],"yoast_head":"<!-- This site is optimized with the Yoast SEO plugin v27.1.1 - https:\/\/yoast.com\/product\/yoast-seo-wordpress\/ -->\n<title>Zoltan-Istvan Szabopal (ZASAR) - CDj Events<\/title>\n<meta name=\"robots\" content=\"index, follow, max-snippet:-1, max-image-preview:large, max-video-preview:-1\" \/>\n<link rel=\"canonical\" href=\"https:\/\/cdj-events.ro\/en\/zoltan-istvan-szabopal-z-a-s-a-r\/\" \/>\n<meta property=\"og:locale\" content=\"en_US\" \/>\n<meta property=\"og:type\" content=\"article\" \/>\n<meta property=\"og:title\" content=\"Zoltan-Istvan Szabopal (ZASAR) - CDj Events\" \/>\n<meta property=\"og:description\" content=\"Sunt n\u0103scut \u00eentr-o zi faina din vara lui &#8217;86, in inima Transilvaniei, \u00een Cluj-Napoca.Muzica m-a fascinat de mic, oferindu-mi mereu bucuria de\" \/>\n<meta property=\"og:url\" content=\"https:\/\/cdj-events.ro\/en\/zoltan-istvan-szabopal-z-a-s-a-r\/\" \/>\n<meta property=\"og:site_name\" content=\"CDj Events\" \/>\n<meta property=\"article:publisher\" content=\"https:\/\/www.facebook.com\/cdjeventscluj\" \/>\n<meta property=\"article:modified_time\" content=\"2022-07-06T07:50:33+00:00\" \/>\n<meta property=\"og:image\" content=\"https:\/\/cdj-events.ro\/wp-content\/uploads\/2022\/07\/dj-Zoly-Zasar.jpeg\" \/>\n<meta name=\"twitter:card\" content=\"summary_large_image\" \/>\n<meta name=\"twitter:label1\" content=\"Est. reading time\" \/>\n\t<meta name=\"twitter:data1\" content=\"1 minute\" \/>\n<script type=\"application\/ld+json\" class=\"yoast-schema-graph\">{\"@context\":\"https:\/\/schema.org\",\"@graph\":[{\"@type\":\"WebPage\",\"@id\":\"https:\/\/cdj-events.ro\/zoltan-istvan-szabopal-z-a-s-a-r\/\",\"url\":\"https:\/\/cdj-events.ro\/zoltan-istvan-szabopal-z-a-s-a-r\/\",\"name\":\"Zoltan-Istvan Szabopal (ZASAR) - CDj Events\",\"isPartOf\":{\"@id\":\"https:\/\/cdj-events.ro\/#website\"},\"primaryImageOfPage\":{\"@id\":\"https:\/\/cdj-events.ro\/zoltan-istvan-szabopal-z-a-s-a-r\/#primaryimage\"},\"image\":{\"@id\":\"https:\/\/cdj-events.ro\/zoltan-istvan-szabopal-z-a-s-a-r\/#primaryimage\"},\"thumbnailUrl\":\"https:\/\/cdj-events.ro\/wp-content\/uploads\/2022\/07\/dj-Zoly-Zasar.jpeg\",\"datePublished\":\"2022-07-06T07:32:11+00:00\",\"dateModified\":\"2022-07-06T07:50:33+00:00\",\"breadcrumb\":{\"@id\":\"https:\/\/cdj-events.ro\/zoltan-istvan-szabopal-z-a-s-a-r\/#breadcrumb\"},\"inLanguage\":\"en-US\",\"potentialAction\":[{\"@type\":\"ReadAction\",\"target\":[\"https:\/\/cdj-events.ro\/zoltan-istvan-szabopal-z-a-s-a-r\/\"]}]},{\"@type\":\"ImageObject\",\"inLanguage\":\"en-US\",\"@id\":\"https:\/\/cdj-events.ro\/zoltan-istvan-szabopal-z-a-s-a-r\/#primaryimage\",\"url\":\"https:\/\/cdj-events.ro\/wp-content\/uploads\/2022\/07\/dj-Zoly-Zasar.jpeg\",\"contentUrl\":\"https:\/\/cdj-events.ro\/wp-content\/uploads\/2022\/07\/dj-Zoly-Zasar.jpeg\"},{\"@type\":\"BreadcrumbList\",\"@id\":\"https:\/\/cdj-events.ro\/zoltan-istvan-szabopal-z-a-s-a-r\/#breadcrumb\",\"itemListElement\":[{\"@type\":\"ListItem\",\"position\":1,\"name\":\"Home\",\"item\":\"https:\/\/cdj-events.ro\/\"},{\"@type\":\"ListItem\",\"position\":2,\"name\":\"Zoltan-Istvan Szabopal (ZASAR)\"}]},{\"@type\":\"WebSite\",\"@id\":\"https:\/\/cdj-events.ro\/#website\",\"url\":\"https:\/\/cdj-events.ro\/\",\"name\":\"CDj Events\",\"description\":\"DJ, MC \u0219i atmosfer\u0103 pentru evenimentele tale \u00een Cluj-Napoca\",\"publisher\":{\"@id\":\"https:\/\/cdj-events.ro\/#organization\"},\"potentialAction\":[{\"@type\":\"SearchAction\",\"target\":{\"@type\":\"EntryPoint\",\"urlTemplate\":\"https:\/\/cdj-events.ro\/?s={search_term_string}\"},\"query-input\":{\"@type\":\"PropertyValueSpecification\",\"valueRequired\":true,\"valueName\":\"search_term_string\"}}],\"inLanguage\":\"en-US\"},{\"@type\":\"Organization\",\"@id\":\"https:\/\/cdj-events.ro\/#organization\",\"name\":\"CDj Events\",\"alternateName\":\"CDJ Events\",\"url\":\"https:\/\/cdj-events.ro\/\",\"logo\":{\"@type\":\"ImageObject\",\"inLanguage\":\"en-US\",\"@id\":\"https:\/\/cdj-events.ro\/#\/schema\/logo\/image\/\",\"url\":\"https:\/\/cdj-events.ro\/wp-content\/uploads\/2023\/10\/CDj-Events-logo-white.png\",\"contentUrl\":\"https:\/\/cdj-events.ro\/wp-content\/uploads\/2023\/10\/CDj-Events-logo-white.png\",\"width\":1920,\"height\":1158,\"caption\":\"CDj Events\"},\"image\":{\"@id\":\"https:\/\/cdj-events.ro\/#\/schema\/logo\/image\/\"},\"sameAs\":[\"https:\/\/www.facebook.com\/cdjeventscluj\"]}]}<\/script>\n<!-- \/ Yoast SEO plugin. -->","yoast_head_json":{"title":"Zoltan-Istvan Szabopal (ZASAR) - CDj Events","robots":{"index":"index","follow":"follow","max-snippet":"max-snippet:-1","max-image-preview":"max-image-preview:large","max-video-preview":"max-video-preview:-1"},"canonical":"https:\/\/cdj-events.ro\/en\/zoltan-istvan-szabopal-z-a-s-a-r\/","og_locale":"en_US","og_type":"article","og_title":"Zoltan-Istvan Szabopal (ZASAR) - CDj Events","og_description":"Sunt n\u0103scut \u00eentr-o zi faina din vara lui &#8217;86, in inima Transilvaniei, \u00een Cluj-Napoca.Muzica m-a fascinat de mic, oferindu-mi mereu bucuria de","og_url":"https:\/\/cdj-events.ro\/en\/zoltan-istvan-szabopal-z-a-s-a-r\/","og_site_name":"CDj Events","article_publisher":"https:\/\/www.facebook.com\/cdjeventscluj","article_modified_time":"2022-07-06T07:50:33+00:00","og_image":[{"url":"https:\/\/cdj-events.ro\/wp-content\/uploads\/2022\/07\/dj-Zoly-Zasar.jpeg","type":"","width":"","height":""}],"twitter_card":"summary_large_image","twitter_misc":{"Est. reading time":"1 minute"},"schema":{"@context":"https:\/\/schema.org","@graph":[{"@type":"WebPage","@id":"https:\/\/cdj-events.ro\/zoltan-istvan-szabopal-z-a-s-a-r\/","url":"https:\/\/cdj-events.ro\/zoltan-istvan-szabopal-z-a-s-a-r\/","name":"Zoltan-Istvan Szabopal (ZASAR) - CDj Events","isPartOf":{"@id":"https:\/\/cdj-events.ro\/#website"},"primaryImageOfPage":{"@id":"https:\/\/cdj-events.ro\/zoltan-istvan-szabopal-z-a-s-a-r\/#primaryimage"},"image":{"@id":"https:\/\/cdj-events.ro\/zoltan-istvan-szabopal-z-a-s-a-r\/#primaryimage"},"thumbnailUrl":"https:\/\/cdj-events.ro\/wp-content\/uploads\/2022\/07\/dj-Zoly-Zasar.jpeg","datePublished":"2022-07-06T07:32:11+00:00","dateModified":"2022-07-06T07:50:33+00:00","breadcrumb":{"@id":"https:\/\/cdj-events.ro\/zoltan-istvan-szabopal-z-a-s-a-r\/#breadcrumb"},"inLanguage":"en-US","potentialAction":[{"@type":"ReadAction","target":["https:\/\/cdj-events.ro\/zoltan-istvan-szabopal-z-a-s-a-r\/"]}]},{"@type":"ImageObject","inLanguage":"en-US","@id":"https:\/\/cdj-events.ro\/zoltan-istvan-szabopal-z-a-s-a-r\/#primaryimage","url":"https:\/\/cdj-events.ro\/wp-content\/uploads\/2022\/07\/dj-Zoly-Zasar.jpeg","contentUrl":"https:\/\/cdj-events.ro\/wp-content\/uploads\/2022\/07\/dj-Zoly-Zasar.jpeg"},{"@type":"BreadcrumbList","@id":"https:\/\/cdj-events.ro\/zoltan-istvan-szabopal-z-a-s-a-r\/#breadcrumb","itemListElement":[{"@type":"ListItem","position":1,"name":"Home","item":"https:\/\/cdj-events.ro\/"},{"@type":"ListItem","position":2,"name":"Zoltan-Istvan Szabopal (ZASAR)"}]},{"@type":"WebSite","@id":"https:\/\/cdj-events.ro\/#website","url":"https:\/\/cdj-events.ro\/","name":"CDj Events","description":"DJ, MC \u0219i atmosfer\u0103 pentru evenimentele tale \u00een Cluj-Napoca","publisher":{"@id":"https:\/\/cdj-events.ro\/#organization"},"potentialAction":[{"@type":"SearchAction","target":{"@type":"EntryPoint","urlTemplate":"https:\/\/cdj-events.ro\/?s={search_term_string}"},"query-input":{"@type":"PropertyValueSpecification","valueRequired":true,"valueName":"search_term_string"}}],"inLanguage":"en-US"},{"@type":"Organization","@id":"https:\/\/cdj-events.ro\/#organization","name":"CDj Events","alternateName":"CDJ Events","url":"https:\/\/cdj-events.ro\/","logo":{"@type":"ImageObject","inLanguage":"en-US","@id":"https:\/\/cdj-events.ro\/#\/schema\/logo\/image\/","url":"https:\/\/cdj-events.ro\/wp-content\/uploads\/2023\/10\/CDj-Events-logo-white.png","contentUrl":"https:\/\/cdj-events.ro\/wp-content\/uploads\/2023\/10\/CDj-Events-logo-white.png","width":1920,"height":1158,"caption":"CDj Events"},"image":{"@id":"https:\/\/cdj-events.ro\/#\/schema\/logo\/image\/"},"sameAs":["https:\/\/www.facebook.com\/cdjeventscluj"]}]}},"_links":{"self":[{"href":"https:\/\/cdj-events.ro\/en\/wp-json\/wp\/v2\/pages\/1509","targetHints":{"allow":["GET"]}}],"collection":[{"href":"https:\/\/cdj-events.ro\/en\/wp-json\/wp\/v2\/pages"}],"about":[{"href":"https:\/\/cdj-events.ro\/en\/wp-json\/wp\/v2\/types\/page"}],"author":[{"embeddable":true,"href":"https:\/\/cdj-events.ro\/en\/wp-json\/wp\/v2\/users\/1"}],"replies":[{"embeddable":true,"href":"https:\/\/cdj-events.ro\/en\/wp-json\/wp\/v2\/comments?post=1509"}],"version-history":[{"count":5,"href":"https:\/\/cdj-events.ro\/en\/wp-json\/wp\/v2\/pages\/1509\/revisions"}],"predecessor-version":[{"id":1517,"href":"https:\/\/cdj-events.ro\/en\/wp-json\/wp\/v2\/pages\/1509\/revisions\/1517"}],"wp:attachment":[{"href":"https:\/\/cdj-events.ro\/en\/wp-json\/wp\/v2\/media?parent=1509"}],"curies":[{"name":"wp","href":"https:\/\/api.w.org\/{rel}","templated":true}]}}