{"id":1321,"date":"2019-10-08T17:55:13","date_gmt":"2019-10-08T17:55:13","guid":{"rendered":"http:\/\/cdj-events.ro\/?page_id=1321"},"modified":"2024-03-08T08:16:05","modified_gmt":"2024-03-08T08:16:05","slug":"blog","status":"publish","type":"page","link":"https:\/\/cdj-events.ro\/en\/blog\/","title":{"rendered":"Blog"},"content":{"rendered":"<div  class=\"ultp-post-grid-block wp-block-ultimate-post-post-list-3 ultp-block-f3b017\"><div class=\"ultp-block-wrapper\"><div class=\"ultp-loading\"><div class=\"ultp-loading-blocks\" style=\"width:100%;height:100%;\"><div style=\"left: 0;top: 0;animation-delay:0s;\"><\/div><div style=\"left: 21px;top: 0;animation-delay:0.125s;\"><\/div><div style=\"left: 42px;top: 0;animation-delay:0.25s;\"><\/div><div style=\"left: 0;top: 21px;animation-delay:0.875s;\"><\/div><div style=\"left: 42px;top: 21px;animation-delay:0.375s;\"><\/div><div style=\"left: 0;top: 42px;animation-delay:0.75s;\"><\/div><div style=\"left: 42px;top: 42px;animation-delay:0.625s;\"><\/div><div style=\"left: 21px;top: 42px;animation-delay:0.5s;\"><\/div><\/div><\/div><div class=\"ultp-heading-filter\"><div class=\"ultp-heading-filter-in\"><div class=\"ultp-filter-navigation\"><\/div><\/div><\/div><div class=\"ultp-block-items-wrap ultp-block-row ultp-block-column-1 ultp-block-content-middle ultp-layout1\"><div class=\"ultp-block-item ultp-block-media post-id-3125\"><div class=\"ultp-block-content-wrap\"><div class=\"ultp-block-image ultp-block-image-opacity\"><a href=\"https:\/\/cdj-events.ro\/en\/cdj-cristian-daniel-la-snow-fest-les-2-alpes-2026\/\" ><img decoding=\"async\"  alt=\"CDj Cristian Daniel la Snow Fest Les 2 Alpes 2026\"  src=\"https:\/\/cdj-events.ro\/wp-content\/uploads\/2026\/04\/IMG_9808-600x600.jpg\" \/><\/a><\/div><div class=\"ultp-block-content\"><h3 class=\"ultp-block-title\"><a href=\"https:\/\/cdj-events.ro\/en\/cdj-cristian-daniel-la-snow-fest-les-2-alpes-2026\/\" >CDj Cristian Daniel la Snow Fest Les 2 Alpes 2026<\/a><\/h3><div class=\"ultp-block-excerpt\"><p>CDj Cristian-Daniel a deschis edi\u021bia cu num\u0103rul 14 a Snow Fest \u00een Les 2 Alpes exact acolo unde publicul \u00eel \u0219tie cel<\/p>\n<\/div><\/div><\/div><\/div><div class=\"ultp-block-item ultp-block-media post-id-3119\"><div class=\"ultp-block-content-wrap\"><div class=\"ultp-block-image ultp-block-image-opacity\"><a href=\"https:\/\/cdj-events.ro\/en\/cdj-cristian-daniel-la-snow-fest-val-thorens-2026\/\" ><img decoding=\"async\"  alt=\"CDj Cristian-Daniel la Snow Fest Val Thorens 2026\"  src=\"https:\/\/cdj-events.ro\/wp-content\/uploads\/2026\/04\/IMG_9588-600x600.jpg\" \/><\/a><\/div><div class=\"ultp-block-content\"><h3 class=\"ultp-block-title\"><a href=\"https:\/\/cdj-events.ro\/en\/cdj-cristian-daniel-la-snow-fest-val-thorens-2026\/\" >CDj Cristian-Daniel la Snow Fest Val Thorens 2026<\/a><\/h3><div class=\"ultp-block-excerpt\"><p>CDj Cristian-Daniel a deschis sezonul cu energie pur\u0103 \u00eenc\u0103 din Ziua Zero la\u00a0Baramix, unde a preg\u0103tit atmosfera cu un\u00a0warm-up\u00a0puternic, construit pe ritmuri<\/p>\n<\/div><\/div><\/div><\/div><div class=\"ultp-block-item ultp-block-media post-id-3114\"><div class=\"ultp-block-content-wrap\"><div class=\"ultp-block-image ultp-block-image-opacity\"><a href=\"https:\/\/cdj-events.ro\/en\/dj-sets-la-snow-fest-2026\/\" ><img decoding=\"async\"  alt=\"DJ sets la Snow Fest 2026\"  src=\"https:\/\/cdj-events.ro\/wp-content\/uploads\/2026\/03\/Snow-fest-2026-L2a-600x600.jpg\" \/><\/a><\/div><div class=\"ultp-block-content\"><h3 class=\"ultp-block-title\"><a href=\"https:\/\/cdj-events.ro\/en\/dj-sets-la-snow-fest-2026\/\" >DJ sets la Snow Fest 2026<\/a><\/h3><div class=\"ultp-block-excerpt\"><p>Val Thorens 21-28.03 (6th edition) Les 2 Alpes 28.03-4.04 (14th edition) CDj Cristian-Daniel revine \u0219i anul acesta pe scena unuia dintre cele<\/p>\n<\/div><\/div><\/div><\/div><div class=\"ultp-block-item ultp-block-media post-id-3031\"><div class=\"ultp-block-content-wrap\"><div class=\"ultp-block-image ultp-block-image-opacity\"><a href=\"https:\/\/cdj-events.ro\/en\/cdj-cristian-daniel-dj-si-playlist-selector-oficial-la-transylvania-open-wta-250-2026\/\" ><img decoding=\"async\"  alt=\"CDj Cristian-Daniel, DJ \u0219i playlist selector oficial la Transylvania Open WTA 250 2026\"  src=\"https:\/\/cdj-events.ro\/wp-content\/uploads\/2026\/02\/TO-DAY-4-3891-600x600.jpg\" \/><\/a><\/div><div class=\"ultp-block-content\"><h3 class=\"ultp-block-title\"><a href=\"https:\/\/cdj-events.ro\/en\/cdj-cristian-daniel-dj-si-playlist-selector-oficial-la-transylvania-open-wta-250-2026\/\" >CDj Cristian-Daniel, DJ \u0219i playlist selector oficial la Transylvania Open WTA 250 2026<\/a><\/h3><div class=\"ultp-block-excerpt\"><p>CDj Cristian-Daniel\u00a0confirm\u0103 \u00eenc\u0103 o dat\u0103 statutul s\u0103u de profesionist de top \u00een industria muzical\u0103 \u0219i a evenimentelor sportive, fiind\u00a0DJ \u0219i playlist selector<\/p>\n<\/div><\/div><\/div><\/div><div class=\"ultp-block-item ultp-block-media post-id-3026\"><div class=\"ultp-block-content-wrap\"><div class=\"ultp-block-image ultp-block-image-opacity\"><a href=\"https:\/\/cdj-events.ro\/en\/vybe-2-play-si-cdj-cristian-daniel-la-italian-snow-fest-livigno-2026\/\" ><img decoding=\"async\"  alt=\"Vybe 2 Play \u0219i CDj Cristian-Daniel la Italian Snow Fest Livigno 2026\"  src=\"https:\/\/cdj-events.ro\/wp-content\/uploads\/2026\/01\/11-12-14-2026_01_11_12_14_IMG_3007-600x600.jpg\" \/><\/a><\/div><div class=\"ultp-block-content\"><h3 class=\"ultp-block-title\"><a href=\"https:\/\/cdj-events.ro\/en\/vybe-2-play-si-cdj-cristian-daniel-la-italian-snow-fest-livigno-2026\/\" >Vybe 2 Play \u0219i CDj Cristian-Daniel la Italian Snow Fest Livigno 2026<\/a><\/h3><div class=\"ultp-block-excerpt\"><p>Italian Snow Fest Livigno este unul dintre cele mai importante evenimente de iarn\u0103 din Europa, unde sporturile de iarn\u0103 se \u00eembin\u0103 perfect<\/p>\n<\/div><\/div><\/div><\/div><div class=\"ultp-block-item ultp-block-media post-id-3007\"><div class=\"ultp-block-content-wrap\"><div class=\"ultp-block-image ultp-block-image-opacity\"><a href=\"https:\/\/cdj-events.ro\/en\/dj-nunta-cluj-dj-cristian-daniel-nunti-moderne-premium\/\" ><img decoding=\"async\"  alt=\"DJ Nunt\u0103 Cluj \u2013 DJ Cristian-Daniel | Nun\u021bi Moderne &amp; Premium\"  src=\"https:\/\/cdj-events.ro\/wp-content\/uploads\/2024\/04\/IMG_0368-600x600.jpg\" \/><\/a><\/div><div class=\"ultp-block-content\"><h3 class=\"ultp-block-title\"><a href=\"https:\/\/cdj-events.ro\/en\/dj-nunta-cluj-dj-cristian-daniel-nunti-moderne-premium\/\" >DJ Nunt\u0103 Cluj \u2013 DJ Cristian-Daniel | Nun\u021bi Moderne &amp; Premium<\/a><\/h3><div class=\"ultp-block-excerpt\"><p>DJ nunt\u0103 Cluj \u2013 DJ Cristian-Daniel | Nun\u021bi moderne &amp; premium Dac\u0103 \u00ee\u021bi dore\u0219ti o&nbsp;nunt\u0103 modern\u0103, elegant\u0103 \u0219i memorabil\u0103, DJ Cristian-Daniel este<\/p>\n<\/div><\/div><\/div><\/div><div class=\"ultp-block-item ultp-block-media post-id-2988\"><div class=\"ultp-block-content-wrap\"><div class=\"ultp-block-image ultp-block-image-opacity\"><a href=\"https:\/\/cdj-events.ro\/en\/de-ce-cdj-events-secretul-unui-eveniment-memorabil-expertiza-dj-si-sonorizare-de-top\/\" ><img decoding=\"async\"  alt=\"Secretul unui Eveniment Memorabil: Expertiza \u0219i Experienta DJ\"  src=\"https:\/\/cdj-events.ro\/wp-content\/uploads\/2024\/08\/BB2A3658.jpg\" \/><\/a><\/div><div class=\"ultp-block-content\"><h3 class=\"ultp-block-title\"><a href=\"https:\/\/cdj-events.ro\/en\/de-ce-cdj-events-secretul-unui-eveniment-memorabil-expertiza-dj-si-sonorizare-de-top\/\" >Secretul unui Eveniment Memorabil: Expertiza \u0219i Experienta DJ<\/a><\/h3><div class=\"ultp-block-excerpt\"><p>Mai Mult Dec\u00e2t Muzic\u0103, O Experien\u021b\u0103 Complet\u0103 Organizarea unui eveniment de succes, fie c\u0103 vorbim de o&nbsp;nunt\u0103 de vis&nbsp;sau o&nbsp;petrecere corporate&nbsp;prestigioas\u0103, depinde<\/p>\n<\/div><\/div><\/div><\/div><div class=\"ultp-block-item ultp-block-media post-id-2981\"><div class=\"ultp-block-content-wrap\"><div class=\"ultp-block-image ultp-block-image-opacity\"><a href=\"https:\/\/cdj-events.ro\/en\/vybe-2-play-aduce-hit-uri-de-neuitat-pe-scena-retro-la-untold-dubai\/\" ><img decoding=\"async\"  alt=\"Vybe 2 Play aduce hit-uri de neuitat pe Scena RETRO la UNTOLD Dubai\"  src=\"https:\/\/cdj-events.ro\/wp-content\/uploads\/2025\/11\/IMG_7870-600x600.png\" \/><\/a><\/div><div class=\"ultp-block-content\"><h3 class=\"ultp-block-title\"><a href=\"https:\/\/cdj-events.ro\/en\/vybe-2-play-aduce-hit-uri-de-neuitat-pe-scena-retro-la-untold-dubai\/\" >Vybe 2 Play aduce hit-uri de neuitat pe Scena RETRO la UNTOLD Dubai<\/a><\/h3><div class=\"ultp-block-excerpt\"><p>\u00cen august, la Cluj, Scena RETRO de la UNTOLD X a prins via\u021b\u0103 c\u00e2nd Vybe 2 Play, format din Cristina Loghin \u0219i<\/p>\n<\/div><\/div><\/div><\/div><div class=\"ultp-block-item ultp-block-media post-id-2974\"><div class=\"ultp-block-content-wrap\"><div class=\"ultp-block-image ultp-block-image-opacity\"><a href=\"https:\/\/cdj-events.ro\/en\/cdj-cristian-daniel-si-magia-scenei-retro-la-untold-dubai-2025\/\" ><img decoding=\"async\"  alt=\"CDj Cristian-Daniel \u0219i magia scenei Retro la UNTOLD Dubai 2025\"  src=\"https:\/\/cdj-events.ro\/wp-content\/uploads\/2025\/11\/IMG_7868-600x600.png\" \/><\/a><\/div><div class=\"ultp-block-content\"><h3 class=\"ultp-block-title\"><a href=\"https:\/\/cdj-events.ro\/en\/cdj-cristian-daniel-si-magia-scenei-retro-la-untold-dubai-2025\/\" >CDj Cristian-Daniel \u0219i magia scenei Retro la UNTOLD Dubai 2025<\/a><\/h3><div class=\"ultp-block-excerpt\"><p>A doua edi\u021bie UNTOLD Dubai 2025, desf\u0103\u0219urat\u0103 \u00eentre 6\u20139 noiembrie, a adus \u00een premier\u0103 scena Retro, un concept a\u0219teptat de iubitorii hiturilor<\/p>\n<\/div><\/div><\/div><\/div><div class=\"ultp-block-item ultp-block-media post-id-2941\"><div class=\"ultp-block-content-wrap\"><div class=\"ultp-block-image ultp-block-image-opacity\"><a href=\"https:\/\/cdj-events.ro\/en\/cum-alegi-dj-ul-potrivit-pentru-evenimente-corporate\/\" ><img decoding=\"async\"  alt=\"DJ nunt\u0103 Cluj - CDj Events\"  src=\"https:\/\/cdj-events.ro\/wp-content\/uploads\/2024\/03\/IMG_9950-600x600.jpg\" \/><\/a><\/div><div class=\"ultp-block-content\"><h3 class=\"ultp-block-title\"><a href=\"https:\/\/cdj-events.ro\/en\/cum-alegi-dj-ul-potrivit-pentru-evenimente-corporate\/\" >Cum alegi DJ-ul potrivit pentru evenimente corporate<\/a><\/h3><div class=\"ultp-block-excerpt\"><p>Evenimentele corporate care se axeaz\u0103 pe petrecere aduc beneficii reale angaja\u021bilor. Oamenii se cunosc mai bine, devin mai relaxa\u021bi, iar echipele se<\/p>\n<\/div><\/div><\/div><\/div><\/div><div class=\"ultp-pagination-wrap ultp-pagination-ajax-action\" data-paged=\"1\" data-expost=\"\"  data-blockid=\"f3b017\" data-postid=\"1321\" data-pages=\"7\" data-blockname=\"ultimate-post_post-list-3\" data-selfpostid=\"yes\"><ul class=\"ultp-pagination\"><li class=\"ultp-prev-page-numbers\" style=\"display:none\"><a href=\"https:\/\/cdj-events.ro\/en\/wp-json\/wp\/v2\/pages\/1321\/\"><svg xmlns=\"http:\/\/www.w3.org\/2000\/svg\" fill=\"none\" viewbox=\"0 0 24 24\">\n  <path stroke=\"currentColor\" stroke-linecap=\"round\" stroke-linejoin=\"round\" stroke-width=\"1.5\" d=\"m15 18-6-6 6-6\"\/>\n<\/svg>\n Previous<\/a><\/li><li class=\"ultp-first-pages\" style=\"display:none\" data-current=\"1\"><a href=\"https:\/\/cdj-events.ro\/en\/wp-json\/wp\/v2\/pages\/1321\/\">1<\/a><\/li><li class=\"ultp-first-dot\"style=\"display:none\"><a href=\"#\">&#8230;<\/a><\/li><li class=\"ultp-center-item pagination-active\" data-current=\"1\"><a href=\"https:\/\/cdj-events.ro\/en\/wp-json\/wp\/v2\/pages\/1321\/\">1<\/a><\/li><li class=\"ultp-center-item\" data-current=\"2\" ><a href=\"https:\/\/cdj-events.ro\/en\/wp-json\/wp\/v2\/pages\/1321\/page\/2\/\">2<\/a><\/li><li class=\"ultp-center-item\" data-current=\"3\" ><a href=\"https:\/\/cdj-events.ro\/en\/wp-json\/wp\/v2\/pages\/1321\/page\/3\/\">3<\/a><\/li><li class=\"ultp-last-dot\" ><a href=\"#\">&#8230;<\/a><\/li><li class=\"ultp-last-pages\" data-current=\"7\"><a href=\"https:\/\/cdj-events.ro\/en\/wp-json\/wp\/v2\/pages\/1321\/page\/7\/\">7<\/a><\/li><li class=\"ultp-next-page-numbers\"><a href=\"https:\/\/cdj-events.ro\/en\/wp-json\/wp\/v2\/pages\/1321\/page\/2\/\">Next<svg xmlns=\"http:\/\/www.w3.org\/2000\/svg\" fill=\"none\" viewbox=\"0 0 24 24\">\n  <path stroke=\"currentColor\" stroke-linecap=\"round\" stroke-linejoin=\"round\" stroke-width=\"1.5\" d=\"m9 18 6-6-6-6\"\/>\n<\/svg>\n<\/a><\/li><\/ul><\/div><\/div><div class=\"pagination-block-html\" aria-hidden=\"true\" style=\"display: none;\"><\/div><\/div>","protected":false},"excerpt":{"rendered":"","protected":false},"author":1,"featured_media":0,"parent":0,"menu_order":19,"comment_status":"closed","ping_status":"closed","template":"","meta":{"_monsterinsights_skip_tracking":false,"_monsterinsights_sitenote_active":false,"_monsterinsights_sitenote_note":"","_monsterinsights_sitenote_category":0,"footnotes":"","_links_to":"","_links_to_target":""},"class_list":["post-1321","page","type-page","status-publish","hentry"],"yoast_head":"<!-- This site is optimized with the Yoast SEO plugin v27.1.1 - https:\/\/yoast.com\/product\/yoast-seo-wordpress\/ -->\n<title>Blog - CDj Events<\/title>\n<meta name=\"robots\" content=\"index, follow, max-snippet:-1, max-image-preview:large, max-video-preview:-1\" \/>\n<link rel=\"canonical\" href=\"https:\/\/cdj-events.ro\/en\/blog\/\" \/>\n<meta property=\"og:locale\" content=\"en_US\" \/>\n<meta property=\"og:type\" content=\"article\" \/>\n<meta property=\"og:title\" content=\"Blog - CDj Events\" \/>\n<meta property=\"og:url\" content=\"https:\/\/cdj-events.ro\/en\/blog\/\" \/>\n<meta property=\"og:site_name\" content=\"CDj Events\" \/>\n<meta property=\"article:publisher\" content=\"https:\/\/www.facebook.com\/cdjeventscluj\" \/>\n<meta property=\"article:modified_time\" content=\"2024-03-08T08:16:05+00:00\" \/>\n<meta property=\"og:image\" content=\"https:\/\/cdj-events.ro\/wp-content\/uploads\/2026\/04\/CDj-Events-site-image.jpg\" \/>\n\t<meta property=\"og:image:width\" content=\"1200\" \/>\n\t<meta property=\"og:image:height\" content=\"675\" \/>\n\t<meta property=\"og:image:type\" content=\"image\/jpeg\" \/>\n<meta name=\"twitter:card\" content=\"summary_large_image\" \/>\n<script type=\"application\/ld+json\" class=\"yoast-schema-graph\">{\"@context\":\"https:\/\/schema.org\",\"@graph\":[{\"@type\":\"WebPage\",\"@id\":\"https:\/\/cdj-events.ro\/blog\/\",\"url\":\"https:\/\/cdj-events.ro\/blog\/\",\"name\":\"Blog - CDj Events\",\"isPartOf\":{\"@id\":\"https:\/\/cdj-events.ro\/#website\"},\"datePublished\":\"2019-10-08T17:55:13+00:00\",\"dateModified\":\"2024-03-08T08:16:05+00:00\",\"breadcrumb\":{\"@id\":\"https:\/\/cdj-events.ro\/blog\/#breadcrumb\"},\"inLanguage\":\"en-US\",\"potentialAction\":[{\"@type\":\"ReadAction\",\"target\":[\"https:\/\/cdj-events.ro\/blog\/\"]}]},{\"@type\":\"BreadcrumbList\",\"@id\":\"https:\/\/cdj-events.ro\/blog\/#breadcrumb\",\"itemListElement\":[{\"@type\":\"ListItem\",\"position\":1,\"name\":\"Home\",\"item\":\"https:\/\/cdj-events.ro\/\"},{\"@type\":\"ListItem\",\"position\":2,\"name\":\"Blog\"}]},{\"@type\":\"WebSite\",\"@id\":\"https:\/\/cdj-events.ro\/#website\",\"url\":\"https:\/\/cdj-events.ro\/\",\"name\":\"CDj Events\",\"description\":\"DJ, MC \u0219i atmosfer\u0103 pentru evenimentele tale \u00een Cluj-Napoca\",\"publisher\":{\"@id\":\"https:\/\/cdj-events.ro\/#organization\"},\"potentialAction\":[{\"@type\":\"SearchAction\",\"target\":{\"@type\":\"EntryPoint\",\"urlTemplate\":\"https:\/\/cdj-events.ro\/?s={search_term_string}\"},\"query-input\":{\"@type\":\"PropertyValueSpecification\",\"valueRequired\":true,\"valueName\":\"search_term_string\"}}],\"inLanguage\":\"en-US\"},{\"@type\":\"Organization\",\"@id\":\"https:\/\/cdj-events.ro\/#organization\",\"name\":\"CDj Events\",\"alternateName\":\"CDJ Events\",\"url\":\"https:\/\/cdj-events.ro\/\",\"logo\":{\"@type\":\"ImageObject\",\"inLanguage\":\"en-US\",\"@id\":\"https:\/\/cdj-events.ro\/#\/schema\/logo\/image\/\",\"url\":\"https:\/\/cdj-events.ro\/wp-content\/uploads\/2023\/10\/CDj-Events-logo-white.png\",\"contentUrl\":\"https:\/\/cdj-events.ro\/wp-content\/uploads\/2023\/10\/CDj-Events-logo-white.png\",\"width\":1920,\"height\":1158,\"caption\":\"CDj Events\"},\"image\":{\"@id\":\"https:\/\/cdj-events.ro\/#\/schema\/logo\/image\/\"},\"sameAs\":[\"https:\/\/www.facebook.com\/cdjeventscluj\"]}]}<\/script>\n<!-- \/ Yoast SEO plugin. -->","yoast_head_json":{"title":"Blog - CDj Events","robots":{"index":"index","follow":"follow","max-snippet":"max-snippet:-1","max-image-preview":"max-image-preview:large","max-video-preview":"max-video-preview:-1"},"canonical":"https:\/\/cdj-events.ro\/en\/blog\/","og_locale":"en_US","og_type":"article","og_title":"Blog - CDj Events","og_url":"https:\/\/cdj-events.ro\/en\/blog\/","og_site_name":"CDj Events","article_publisher":"https:\/\/www.facebook.com\/cdjeventscluj","article_modified_time":"2024-03-08T08:16:05+00:00","og_image":[{"width":1200,"height":675,"url":"https:\/\/cdj-events.ro\/wp-content\/uploads\/2026\/04\/CDj-Events-site-image.jpg","type":"image\/jpeg"}],"twitter_card":"summary_large_image","schema":{"@context":"https:\/\/schema.org","@graph":[{"@type":"WebPage","@id":"https:\/\/cdj-events.ro\/blog\/","url":"https:\/\/cdj-events.ro\/blog\/","name":"Blog - CDj Events","isPartOf":{"@id":"https:\/\/cdj-events.ro\/#website"},"datePublished":"2019-10-08T17:55:13+00:00","dateModified":"2024-03-08T08:16:05+00:00","breadcrumb":{"@id":"https:\/\/cdj-events.ro\/blog\/#breadcrumb"},"inLanguage":"en-US","potentialAction":[{"@type":"ReadAction","target":["https:\/\/cdj-events.ro\/blog\/"]}]},{"@type":"BreadcrumbList","@id":"https:\/\/cdj-events.ro\/blog\/#breadcrumb","itemListElement":[{"@type":"ListItem","position":1,"name":"Home","item":"https:\/\/cdj-events.ro\/"},{"@type":"ListItem","position":2,"name":"Blog"}]},{"@type":"WebSite","@id":"https:\/\/cdj-events.ro\/#website","url":"https:\/\/cdj-events.ro\/","name":"CDj Events","description":"DJ, MC \u0219i atmosfer\u0103 pentru evenimentele tale \u00een Cluj-Napoca","publisher":{"@id":"https:\/\/cdj-events.ro\/#organization"},"potentialAction":[{"@type":"SearchAction","target":{"@type":"EntryPoint","urlTemplate":"https:\/\/cdj-events.ro\/?s={search_term_string}"},"query-input":{"@type":"PropertyValueSpecification","valueRequired":true,"valueName":"search_term_string"}}],"inLanguage":"en-US"},{"@type":"Organization","@id":"https:\/\/cdj-events.ro\/#organization","name":"CDj Events","alternateName":"CDJ Events","url":"https:\/\/cdj-events.ro\/","logo":{"@type":"ImageObject","inLanguage":"en-US","@id":"https:\/\/cdj-events.ro\/#\/schema\/logo\/image\/","url":"https:\/\/cdj-events.ro\/wp-content\/uploads\/2023\/10\/CDj-Events-logo-white.png","contentUrl":"https:\/\/cdj-events.ro\/wp-content\/uploads\/2023\/10\/CDj-Events-logo-white.png","width":1920,"height":1158,"caption":"CDj Events"},"image":{"@id":"https:\/\/cdj-events.ro\/#\/schema\/logo\/image\/"},"sameAs":["https:\/\/www.facebook.com\/cdjeventscluj"]}]}},"_links":{"self":[{"href":"https:\/\/cdj-events.ro\/en\/wp-json\/wp\/v2\/pages\/1321","targetHints":{"allow":["GET"]}}],"collection":[{"href":"https:\/\/cdj-events.ro\/en\/wp-json\/wp\/v2\/pages"}],"about":[{"href":"https:\/\/cdj-events.ro\/en\/wp-json\/wp\/v2\/types\/page"}],"author":[{"embeddable":true,"href":"https:\/\/cdj-events.ro\/en\/wp-json\/wp\/v2\/users\/1"}],"replies":[{"embeddable":true,"href":"https:\/\/cdj-events.ro\/en\/wp-json\/wp\/v2\/comments?post=1321"}],"version-history":[{"count":3,"href":"https:\/\/cdj-events.ro\/en\/wp-json\/wp\/v2\/pages\/1321\/revisions"}],"predecessor-version":[{"id":2518,"href":"https:\/\/cdj-events.ro\/en\/wp-json\/wp\/v2\/pages\/1321\/revisions\/2518"}],"wp:attachment":[{"href":"https:\/\/cdj-events.ro\/en\/wp-json\/wp\/v2\/media?parent=1321"}],"curies":[{"name":"wp","href":"https:\/\/api.w.org\/{rel}","templated":true}]}}